{"id":139,"date":"2023-07-07T15:00:07","date_gmt":"2023-07-07T06:00:07","guid":{"rendered":"http:\/\/recantobrasil.jp\/?post_type=product&#038;p=139"},"modified":"2025-11-01T09:58:19","modified_gmt":"2025-11-01T00:58:19","slug":"coxinha-%e3%80%80%e9%b3%a5%e3%82%b3%e3%83%ad%e3%83%83%e3%82%b1%e3%80%80","status":"publish","type":"product","link":"https:\/\/recantobrasil.jp\/?product=coxinha-%e3%80%80%e9%b3%a5%e3%82%b3%e3%83%ad%e3%83%83%e3%82%b1%e3%80%80","title":{"rendered":"Coxinha \u3000\u9ce5\u30b3\u30ed\u30c3\u30b1\u3000"},"content":{"rendered":"<p><img fetchpriority=\"high\" decoding=\"async\" class=\"alignnone size-medium wp-image-140\" src=\"http:\/\/recantobrasil.jp\/wp-content\/uploads\/2023\/07\/Design-sem-nome-17-300x300.png\" alt=\"\" width=\"300\" height=\"300\" srcset=\"https:\/\/recantobrasil.jp\/wp-content\/uploads\/2023\/07\/Design-sem-nome-17-300x300.png 300w, https:\/\/recantobrasil.jp\/wp-content\/uploads\/2023\/07\/Design-sem-nome-17-100x100.png 100w, https:\/\/recantobrasil.jp\/wp-content\/uploads\/2023\/07\/Design-sem-nome-17-600x600.png 600w, https:\/\/recantobrasil.jp\/wp-content\/uploads\/2023\/07\/Design-sem-nome-17-1024x1024.png 1024w, https:\/\/recantobrasil.jp\/wp-content\/uploads\/2023\/07\/Design-sem-nome-17-150x150.png 150w, https:\/\/recantobrasil.jp\/wp-content\/uploads\/2023\/07\/Design-sem-nome-17-768x768.png 768w, https:\/\/recantobrasil.jp\/wp-content\/uploads\/2023\/07\/Design-sem-nome-17-1536x1536.png 1536w, https:\/\/recantobrasil.jp\/wp-content\/uploads\/2023\/07\/Design-sem-nome-17-1320x1320.png 1320w, https:\/\/recantobrasil.jp\/wp-content\/uploads\/2023\/07\/Design-sem-nome-17.png 1620w\" sizes=\"(max-width: 300px) 100vw, 300px\" \/><\/p>\n","protected":false},"excerpt":{"rendered":"<p>Desfrute da explos\u00e3o de sabores com nossas irresist\u00edveis Coxinhas, perfeitas para fritar! Cada por\u00e7\u00e3o cont\u00e9m 5 coxinhas de frango (50g) miniaturas que s\u00e3o uma verdadeira festa para o paladar. Nossas coxinhas s\u00e3o cuidadosamente preparadas, garantindo uma textura crocante por fora e um recheio macio e saboroso de frango no interior. Para obter o m\u00e1ximo de sabor, recomendamos fritar as coxinhas a 180 graus por cinco minutos. Lembrando que elas s\u00e3o vendidas congeladas, proporcionando a voc\u00ea a conveni\u00eancia de prepar\u00e1-las quando desejar. Perfeitas para qualquer ocasi\u00e3o, essas coxinhas s\u00e3o ideais para compartilhar com amigos ou desfrutar como um delicioso petisco individual. Delicie-se com a incr\u00edvel experi\u00eancia proporcionada pelas nossas Coxinhas!<\/p>\n<p>\u65e5\u672c\u8a9e (Japon\u00eas):<\/p>\n<p>\u63da\u3052\u308b\u305f\u3081\u306e\u9b45\u529b\u7684\u306a\u30b3\u30af\u30c6\u30eb\u3067\u3001\u5473\u899a\u306e\u30a8\u30af\u30b9\u30d7\u30ed\u30fc\u30b8\u30e7\u30f3\u3092\u611f\u3058\u3066\u304f\u3060\u3055\u3044\uff01\u5404\u30d1\u30c3\u30b1\u30fc\u30b8\u306b\u306f\u30015\u3064\u306e\u30df\u30cb\u9ce5\u30b3\u30ed\u30c3\u30b1(50g\uff09\u304c\u542b\u307e\u308c\u3066\u304a\u308a\u3001\u307e\u3055\u306b\u53e3\u798f\u306e\u796d\u5178\u3067\u3059\u3002\u4e01\u5be7\u306b\u8abf\u7406\u3055\u308c\u305f\u5f53\u793e\u306e\u30ab\u30af\u30c6\u30eb\u306f\u3001\u5916\u5074\u304c\u30b5\u30af\u30b5\u30af\u3067\u4e2d\u304c\u67d4\u3089\u304b\u304f\u3001\u30c1\u30ad\u30f3\u306e\u7f8e\u5473\u3057\u3055\u304c\u8a70\u307e\u3063\u3066\u3044\u307e\u3059\u3002\u6700\u5927\u306e\u5473\u308f\u3044\u3092\u5f15\u304d\u51fa\u3059\u305f\u3081\u306b\u306f\u3001\u30ab\u30af\u30c6\u30eb\u3092180\u5ea6\u30675\u5206\u9593\u63da\u3052\u308b\u3053\u3068\u3092\u304a\u52e7\u3081\u3057\u307e\u3059\u3002\u306a\u304a\u3001\u30ab\u30af\u30c6\u30eb\u306f\u51cd\u3063\u3066\u8ca9\u58f2\u3055\u308c\u3066\u304a\u308a\u3001\u3054\u5e0c\u671b\u306e\u6642\u306b\u8abf\u7406\u3067\u304d\u308b\u4fbf\u5229\u3055\u3082\u304a\u697d\u3057\u307f\u3044\u305f\u3060\u3051\u307e\u3059\u3002\u3069\u3093\u306a\u5834\u9762\u3067\u3082\u6d3b\u8e8d\u3059\u308b\u3053\u308c\u3089\u306e\u30ab\u30af\u30c6\u30eb\u306f\u3001\u53cb\u9054\u3068\u5171\u6709\u3059\u308b\u306e\u306b\u6700\u9069\u3067\u3001\u307e\u305f\u306f\u304a\u3044\u3057\u3044\u304a\u3064\u307e\u307f\u3068\u3057\u3066\u697d\u3057\u3080\u3053\u3068\u304c\u3067\u304d\u307e\u3059\u3002\u5f53\u793e\u306e\u30ab\u30af\u30c6\u30eb\u3067\u3001\u7f8e\u5473\u3057\u3044\u3072\u3068\u3068\u304d\u3092\u304a\u697d\u3057\u307f\u304f\u3060\u3055\u3044\uff01<\/p>\n<p>\u8ca9\u58f2\u4e8b\u696d\u8005\uff1a\u5408\u540c\u4f1a\u793e\uff32\uff25\uff23\uff21\uff2e\uff34\uff2f\u3000\uff22\uff32\uff21\uff33\uff29\uff2c<br \/>\n\u8ca9\u58f2\u8cac\u4efb\u8005\uff1a\u30a4\u30c8\u30a6\u30fb\u30ea\u30ab\u30eb\u30c9\u30fb\u30d5\u30a9\u30eb\u30ac\u30c3\u30c1\u30fb\u30cb\u30b8\u30a2<br \/>\n\u6240\u5728\u5730\uff1a\u7fa4\u99ac\u770c\u9091\u697d\u90e1\u5927\u6cc9\u753a\u897f\u5c0f\u6cc9\uff13\u4e01\u76ee\uff11\uff17\u756a\uff11\uff13\u53f7<br \/>\n\u96fb\u8a71\u756a\u53f7\uff1a080-5902-1776<br \/>\n\u652f\u6255\u3044\u65b9\u6cd5\uff1a\u4ee3\u91d1\u5f15\u63db<br \/>\n\u5546\u54c1\u4ee3\u91d1\u4ee5\u5916\u306e\u5fc5\u8981\u91d1\u984d\uff1a<br \/>\n\u9001\u6599\uff3b\u91d1\u984d\u8a73\u7d30\uff08\u5168\u56fd\u4e00\u5f8b\u25cf1100\u5186\uff09\uff3d<br \/>\n\u4ee3\u5f15\u624b\u6570\u6599\uff08\u7a0e\u8fbc\uff09\uff3b1\u4e07\u5186\u672a\u6e80330\u5186\u30013\u4e07\u5186\u672a\u6e80440\u5186\u3001<wbr \/>10\u4e07\u5186\u672a\u6e80660\u5186\u300130\u4e07\u5186\u307e\u30671,100\u5186\uff3d<br \/>\n\u5546\u54c1\u5f15\u6e21\u3057\u6642\u671f\uff1a\u6307\u5b9a\u65e5\u304c\u306a\u3051\u308c\u3070\u3054\u6ce8\u6587\u78ba\u8a8d\u5f8c3\u55b6\u696d\u65e5\u4ee5\u5185\u3067\u767a<wbr \/>\u9001\u3057\u307e\u3059\u3002<br \/>\n\u8fd4\u54c1\u30fb\u4e0d\u826f\u54c1\u306b\u3064\u3044\u3066\uff1a\u4e07\u304c\u4e00\u4e0d\u826f\u54c1\u3084\u54c1\u9055\u3044\u3067\u3042\u3063\u305f\u5834\u5408\u306f\u3001\u5546<wbr \/>\u54c1\u5230\u7740\u5f8c5\u65e5\u4ee5\u5185\u306b<br \/>\n\u5f0a\u793e\u306b\u3054\u9023\u7d61\u306e\u4e0a\u3001\u9001\u6599\u7740\u6255\u3044\u306b\u3066\u3054\u8fd4\u54c1\u5f8c\u3001\u826f\u54c1\u3068\u4ea4\u63db\u3082\u3057\u304f\u306f<wbr \/>\u8fd4\u91d1\u3044\u305f\u3057\u307e\u3059\u3002<\/p>\n","protected":false},"featured_media":140,"comment_status":"open","ping_status":"closed","template":"","meta":{"site-sidebar-layout":"default","site-content-layout":"default","ast-site-content-layout":"","site-content-style":"default","site-sidebar-style":"default","ast-global-header-display":"","ast-banner-title-visibility":"","ast-main-header-display":"","ast-hfb-above-header-display":"","ast-hfb-below-header-display":"","ast-hfb-mobile-header-display":"","site-post-title":"","ast-breadcrumbs-content":"","ast-featured-img":"","footer-sml-layout":"","theme-transparent-header-meta":"default","adv-header-id-meta":"","stick-header-meta":"","header-above-stick-meta":"","header-main-stick-meta":"","header-below-stick-meta":"","astra-migrate-meta-layouts":"default","ast-page-background-enabled":"default","ast-page-background-meta":{"desktop":{"background-color":"var(--ast-global-color-4)","background-image":"","background-repeat":"repeat","background-position":"center center","background-size":"auto","background-attachment":"scroll","background-type":"","background-media":"","overlay-type":"","overlay-color":"","overlay-opacity":"","overlay-gradient":""},"tablet":{"background-color":"","background-image":"","background-repeat":"repeat","background-position":"center center","background-size":"auto","background-attachment":"scroll","background-type":"","background-media":"","overlay-type":"","overlay-color":"","overlay-opacity":"","overlay-gradient":""},"mobile":{"background-color":"","background-image":"","background-repeat":"repeat","background-position":"center center","background-size":"auto","background-attachment":"scroll","background-type":"","background-media":"","overlay-type":"","overlay-color":"","overlay-opacity":"","overlay-gradient":""}},"ast-content-background-meta":{"desktop":{"background-color":"var(--ast-global-color-5)","background-image":"","background-repeat":"repeat","background-position":"center center","background-size":"auto","background-attachment":"scroll","background-type":"","background-media":"","overlay-type":"","overlay-color":"","overlay-opacity":"","overlay-gradient":""},"tablet":{"background-color":"var(--ast-global-color-5)","background-image":"","background-repeat":"repeat","background-position":"center center","background-size":"auto","background-attachment":"scroll","background-type":"","background-media":"","overlay-type":"","overlay-color":"","overlay-opacity":"","overlay-gradient":""},"mobile":{"background-color":"var(--ast-global-color-5)","background-image":"","background-repeat":"repeat","background-position":"center center","background-size":"auto","background-attachment":"scroll","background-type":"","background-media":"","overlay-type":"","overlay-color":"","overlay-opacity":"","overlay-gradient":""}}},"product_cat":[18],"product_tag":[],"class_list":{"0":"post-139","1":"product","2":"type-product","3":"status-publish","4":"has-post-thumbnail","6":"product_cat-sem-categoria","7":"desktop-align-left","8":"tablet-align-left","9":"mobile-align-left","11":"first","12":"instock","13":"taxable","14":"shipping-taxable","15":"purchasable","16":"product-type-simple"},"jetpack_sharing_enabled":true,"_links":{"self":[{"href":"https:\/\/recantobrasil.jp\/index.php?rest_route=\/wp\/v2\/product\/139","targetHints":{"allow":["GET"]}}],"collection":[{"href":"https:\/\/recantobrasil.jp\/index.php?rest_route=\/wp\/v2\/product"}],"about":[{"href":"https:\/\/recantobrasil.jp\/index.php?rest_route=\/wp\/v2\/types\/product"}],"replies":[{"embeddable":true,"href":"https:\/\/recantobrasil.jp\/index.php?rest_route=%2Fwp%2Fv2%2Fcomments&post=139"}],"wp:featuredmedia":[{"embeddable":true,"href":"https:\/\/recantobrasil.jp\/index.php?rest_route=\/wp\/v2\/media\/140"}],"wp:attachment":[{"href":"https:\/\/recantobrasil.jp\/index.php?rest_route=%2Fwp%2Fv2%2Fmedia&parent=139"}],"wp:term":[{"taxonomy":"product_cat","embeddable":true,"href":"https:\/\/recantobrasil.jp\/index.php?rest_route=%2Fwp%2Fv2%2Fproduct_cat&post=139"},{"taxonomy":"product_tag","embeddable":true,"href":"https:\/\/recantobrasil.jp\/index.php?rest_route=%2Fwp%2Fv2%2Fproduct_tag&post=139"}],"curies":[{"name":"wp","href":"https:\/\/api.w.org\/{rel}","templated":true}]}}