{"id":97,"date":"2023-06-19T18:45:22","date_gmt":"2023-06-19T09:45:22","guid":{"rendered":"http:\/\/recantobrasil.jp\/?page_id=97"},"modified":"2025-01-08T01:12:49","modified_gmt":"2025-01-07T16:12:49","slug":"inicio","status":"publish","type":"page","link":"https:\/\/recantobrasil.jp\/","title":{"rendered":"Inicio"},"content":{"rendered":"\t\t<div data-elementor-type=\"wp-page\" data-elementor-id=\"97\" class=\"elementor elementor-97\">\n\t\t\t\t\t\t<section class=\"elementor-section elementor-top-section elementor-element elementor-element-d3348f5 elementor-section-boxed elementor-section-height-default elementor-section-height-default\" data-id=\"d3348f5\" data-element_type=\"section\">\n\t\t\t\t\t\t<div class=\"elementor-container elementor-column-gap-default\">\n\t\t\t\t\t<div class=\"elementor-column elementor-col-100 elementor-top-column elementor-element elementor-element-0bb647c\" data-id=\"0bb647c\" data-element_type=\"column\">\n\t\t\t<div class=\"elementor-widget-wrap elementor-element-populated\">\n\t\t\t\t\t\t<div class=\"elementor-element elementor-element-402a810 elementor-widget elementor-widget-heading\" data-id=\"402a810\" data-element_type=\"widget\" data-widget_type=\"heading.default\">\n\t\t\t\t<div class=\"elementor-widget-container\">\n\t\t\t<style>\/*! elementor - v3.23.0 - 15-07-2024 *\/\n.elementor-heading-title{padding:0;margin:0;line-height:1}.elementor-widget-heading .elementor-heading-title[class*=elementor-size-]>a{color:inherit;font-size:inherit;line-height:inherit}.elementor-widget-heading .elementor-heading-title.elementor-size-small{font-size:15px}.elementor-widget-heading .elementor-heading-title.elementor-size-medium{font-size:19px}.elementor-widget-heading .elementor-heading-title.elementor-size-large{font-size:29px}.elementor-widget-heading .elementor-heading-title.elementor-size-xl{font-size:39px}.elementor-widget-heading .elementor-heading-title.elementor-size-xxl{font-size:59px}<\/style><h2 class=\"elementor-heading-title elementor-size-default\"><\/h2>\t\t<\/div>\n\t\t\t\t<\/div>\n\t\t\t\t\t<\/div>\n\t\t<\/div>\n\t\t\t\t\t<\/div>\n\t\t<\/section>\n\t\t\t\t<section class=\"elementor-section elementor-top-section elementor-element elementor-element-922c002 elementor-section-boxed elementor-section-height-default elementor-section-height-default\" data-id=\"922c002\" data-element_type=\"section\">\n\t\t\t\t\t\t<div class=\"elementor-container elementor-column-gap-default\">\n\t\t\t\t\t<div class=\"elementor-column elementor-col-50 elementor-top-column elementor-element elementor-element-648121d\" data-id=\"648121d\" data-element_type=\"column\">\n\t\t\t<div class=\"elementor-widget-wrap elementor-element-populated\">\n\t\t\t\t\t\t<div class=\"elementor-element elementor-element-283cd6e elementor-widget__width-initial animated-slow elementor-invisible elementor-widget elementor-widget-image\" data-id=\"283cd6e\" data-element_type=\"widget\" data-settings=\"{&quot;_animation&quot;:&quot;fadeIn&quot;}\" data-widget_type=\"image.default\">\n\t\t\t\t<div class=\"elementor-widget-container\">\n\t\t\t<style>\/*! elementor - v3.23.0 - 15-07-2024 *\/\n.elementor-widget-image{text-align:center}.elementor-widget-image a{display:inline-block}.elementor-widget-image a img[src$=\".svg\"]{width:48px}.elementor-widget-image img{vertical-align:middle;display:inline-block}<\/style>\t\t\t\t\t\t\t\t\t\t<img fetchpriority=\"high\" decoding=\"async\" width=\"768\" height=\"768\" src=\"https:\/\/recantobrasil.jp\/wp-content\/uploads\/2023\/06\/coxinha-chan-1-768x768.png\" class=\"attachment-medium_large size-medium_large wp-image-44\" alt=\"\" srcset=\"https:\/\/recantobrasil.jp\/wp-content\/uploads\/2023\/06\/coxinha-chan-1-768x768.png 768w, https:\/\/recantobrasil.jp\/wp-content\/uploads\/2023\/06\/coxinha-chan-1-300x300.png 300w, https:\/\/recantobrasil.jp\/wp-content\/uploads\/2023\/06\/coxinha-chan-1-100x100.png 100w, https:\/\/recantobrasil.jp\/wp-content\/uploads\/2023\/06\/coxinha-chan-1-600x600.png 600w, https:\/\/recantobrasil.jp\/wp-content\/uploads\/2023\/06\/coxinha-chan-1-1024x1024.png 1024w, https:\/\/recantobrasil.jp\/wp-content\/uploads\/2023\/06\/coxinha-chan-1-150x150.png 150w, https:\/\/recantobrasil.jp\/wp-content\/uploads\/2023\/06\/coxinha-chan-1-1536x1536.png 1536w, https:\/\/recantobrasil.jp\/wp-content\/uploads\/2023\/06\/coxinha-chan-1-2048x2048.png 2048w, https:\/\/recantobrasil.jp\/wp-content\/uploads\/2023\/06\/coxinha-chan-1-1320x1320.png 1320w\" sizes=\"(max-width: 768px) 100vw, 768px\" \/>\t\t\t\t\t\t\t\t\t\t\t\t\t<\/div>\n\t\t\t\t<\/div>\n\t\t\t\t\t<\/div>\n\t\t<\/div>\n\t\t\t\t<div class=\"elementor-column elementor-col-50 elementor-top-column elementor-element elementor-element-38ae67a\" data-id=\"38ae67a\" data-element_type=\"column\">\n\t\t\t<div class=\"elementor-widget-wrap elementor-element-populated\">\n\t\t\t\t\t\t<div class=\"elementor-element elementor-element-8ae9815 elementor-widget elementor-widget-heading\" data-id=\"8ae9815\" data-element_type=\"widget\" data-widget_type=\"heading.default\">\n\t\t\t\t<div class=\"elementor-widget-container\">\n\t\t\t<h2 class=\"elementor-heading-title elementor-size-large\">Fundado em 18 de agosto de 2023, o Recanto Brasil nasceu com a miss\u00e3o de trazer a culin\u00e1ria e a cultura brasileira para o Jap\u00e3o. Desde a inaugura\u00e7\u00e3o, o restaurante tem se dedicado a oferecer o melhor da culin\u00e1ria brasileira, proporcionando aos seus clientes uma verdadeira experi\u00eancia gastron\u00f4mica. Com pratos tradicionais e salgados de fabrica\u00e7\u00e3o pr\u00f3pria, o Recanto Brasil se tornou um ponto de encontro para brasileiros que vivem no Jap\u00e3o e para os japoneses que apreciam a rica e diversificada culin\u00e1ria brasileira.<\/h2>\t\t<\/div>\n\t\t\t\t<\/div>\n\t\t\t\t\t<\/div>\n\t\t<\/div>\n\t\t\t\t\t<\/div>\n\t\t<\/section>\n\t\t\t\t<section class=\"elementor-section elementor-top-section elementor-element elementor-element-f2ae993 elementor-section-boxed elementor-section-height-default elementor-section-height-default\" data-id=\"f2ae993\" data-element_type=\"section\">\n\t\t\t\t\t\t<div class=\"elementor-container elementor-column-gap-default\">\n\t\t\t\t\t<div class=\"elementor-column elementor-col-50 elementor-top-column elementor-element elementor-element-c49ee19\" data-id=\"c49ee19\" data-element_type=\"column\">\n\t\t\t<div class=\"elementor-widget-wrap elementor-element-populated\">\n\t\t\t\t\t\t<div class=\"elementor-element elementor-element-16d470c animated-slow elementor-invisible elementor-widget elementor-widget-image\" data-id=\"16d470c\" data-element_type=\"widget\" data-settings=\"{&quot;_animation&quot;:&quot;fadeIn&quot;,&quot;_animation_delay&quot;:50}\" data-widget_type=\"image.default\">\n\t\t\t\t<div class=\"elementor-widget-container\">\n\t\t\t\t\t\t\t\t\t\t\t\t\t<img decoding=\"async\" width=\"1024\" height=\"1024\" src=\"https:\/\/recantobrasil.jp\/wp-content\/uploads\/2024\/01\/367740240_164520479998332_8186018469074774371_n-1-1024x1024.jpg\" class=\"attachment-large size-large wp-image-336\" alt=\"\" srcset=\"https:\/\/recantobrasil.jp\/wp-content\/uploads\/2024\/01\/367740240_164520479998332_8186018469074774371_n-1-1024x1024.jpg 1024w, https:\/\/recantobrasil.jp\/wp-content\/uploads\/2024\/01\/367740240_164520479998332_8186018469074774371_n-1-300x300.jpg 300w, https:\/\/recantobrasil.jp\/wp-content\/uploads\/2024\/01\/367740240_164520479998332_8186018469074774371_n-1-100x100.jpg 100w, https:\/\/recantobrasil.jp\/wp-content\/uploads\/2024\/01\/367740240_164520479998332_8186018469074774371_n-1-600x600.jpg 600w, https:\/\/recantobrasil.jp\/wp-content\/uploads\/2024\/01\/367740240_164520479998332_8186018469074774371_n-1-150x150.jpg 150w, https:\/\/recantobrasil.jp\/wp-content\/uploads\/2024\/01\/367740240_164520479998332_8186018469074774371_n-1-768x768.jpg 768w, https:\/\/recantobrasil.jp\/wp-content\/uploads\/2024\/01\/367740240_164520479998332_8186018469074774371_n-1.jpg 1080w\" sizes=\"(max-width: 1024px) 100vw, 1024px\" \/>\t\t\t\t\t\t\t\t\t\t\t\t\t<\/div>\n\t\t\t\t<\/div>\n\t\t\t\t\t<\/div>\n\t\t<\/div>\n\t\t\t\t<div class=\"elementor-column elementor-col-50 elementor-top-column elementor-element elementor-element-3e4f5b7\" data-id=\"3e4f5b7\" data-element_type=\"column\">\n\t\t\t<div class=\"elementor-widget-wrap elementor-element-populated\">\n\t\t\t\t\t\t<div class=\"elementor-element elementor-element-eb413e7 elementor-widget__width-initial elementor-widget elementor-widget-heading\" data-id=\"eb413e7\" data-element_type=\"widget\" data-widget_type=\"heading.default\">\n\t\t\t\t<div class=\"elementor-widget-container\">\n\t\t\t<h2 class=\"elementor-heading-title elementor-size-large\">N\u00e3o paramos por a\u00ed! Em nossa casa, tamb\u00e9m oferecemos uma variedade de salgados brasileiros que conquistam paladares: bolinho de carne, queijo, coxinha, kibe, e outros petiscos que proporcionam uma experi\u00eancia \u00fanica a cada mordida. Se voc\u00ea est\u00e1 em movimento, n\u00e3o se preocupe! Nosso food truck est\u00e1 sempre pronto para levar at\u00e9 voc\u00ea o sabor aut\u00eantico do Recanto Brasil, oferecendo nossos salgados deliciosos e churros irresist\u00edveis. E para os amantes de cl\u00e1ssicos, temos batata frita preparada com todo o cuidado e qualidade que voc\u00ea merece.<\/h2>\t\t<\/div>\n\t\t\t\t<\/div>\n\t\t\t\t\t<\/div>\n\t\t<\/div>\n\t\t\t\t\t<\/div>\n\t\t<\/section>\n\t\t\t\t<section class=\"elementor-section elementor-top-section elementor-element elementor-element-c73db13 elementor-section-boxed elementor-section-height-default elementor-section-height-default\" data-id=\"c73db13\" data-element_type=\"section\">\n\t\t\t\t\t\t<div class=\"elementor-container elementor-column-gap-default\">\n\t\t\t\t\t<div class=\"elementor-column elementor-col-50 elementor-top-column elementor-element elementor-element-e333914\" data-id=\"e333914\" data-element_type=\"column\">\n\t\t\t<div class=\"elementor-widget-wrap elementor-element-populated\">\n\t\t\t\t\t\t<div class=\"elementor-element elementor-element-9501eb7 elementor-widget elementor-widget-heading\" data-id=\"9501eb7\" data-element_type=\"widget\" data-widget_type=\"heading.default\">\n\t\t\t\t<div class=\"elementor-widget-container\">\n\t\t\t<h2 class=\"elementor-heading-title elementor-size-large\">No Recanto Brasil, cada refei\u00e7\u00e3o \u00e9 uma viagem pelo paladar brasileiro, proporcionando momentos especiais de prazer gastron\u00f4mico. Estamos ansiosos para receb\u00ea-lo em nossa casa e compartilhar a riqueza de sabores que o Brasil tem a oferecer. Sinta-se em casa no Recanto Brasil!<\/h2>\t\t<\/div>\n\t\t\t\t<\/div>\n\t\t\t\t\t<\/div>\n\t\t<\/div>\n\t\t\t\t<div class=\"elementor-column elementor-col-50 elementor-top-column elementor-element elementor-element-b10294b\" data-id=\"b10294b\" data-element_type=\"column\">\n\t\t\t<div class=\"elementor-widget-wrap elementor-element-populated\">\n\t\t\t\t\t\t<div class=\"elementor-element elementor-element-3a8fec0 animated-slow elementor-invisible elementor-widget elementor-widget-image\" data-id=\"3a8fec0\" data-element_type=\"widget\" data-settings=\"{&quot;_animation&quot;:&quot;fadeIn&quot;}\" data-widget_type=\"image.default\">\n\t\t\t\t<div class=\"elementor-widget-container\">\n\t\t\t\t\t\t\t\t\t\t\t\t\t<img decoding=\"async\" width=\"1024\" height=\"1024\" src=\"https:\/\/recantobrasil.jp\/wp-content\/uploads\/2024\/01\/355857839_126450137138700_8596043570983403791_n-1024x1024.jpg\" class=\"attachment-large size-large wp-image-341\" alt=\"\" srcset=\"https:\/\/recantobrasil.jp\/wp-content\/uploads\/2024\/01\/355857839_126450137138700_8596043570983403791_n-1024x1024.jpg 1024w, https:\/\/recantobrasil.jp\/wp-content\/uploads\/2024\/01\/355857839_126450137138700_8596043570983403791_n-300x300.jpg 300w, https:\/\/recantobrasil.jp\/wp-content\/uploads\/2024\/01\/355857839_126450137138700_8596043570983403791_n-100x100.jpg 100w, https:\/\/recantobrasil.jp\/wp-content\/uploads\/2024\/01\/355857839_126450137138700_8596043570983403791_n-600x600.jpg 600w, https:\/\/recantobrasil.jp\/wp-content\/uploads\/2024\/01\/355857839_126450137138700_8596043570983403791_n-150x150.jpg 150w, https:\/\/recantobrasil.jp\/wp-content\/uploads\/2024\/01\/355857839_126450137138700_8596043570983403791_n-768x768.jpg 768w, https:\/\/recantobrasil.jp\/wp-content\/uploads\/2024\/01\/355857839_126450137138700_8596043570983403791_n-1536x1536.jpg 1536w, https:\/\/recantobrasil.jp\/wp-content\/uploads\/2024\/01\/355857839_126450137138700_8596043570983403791_n-1320x1320.jpg 1320w, https:\/\/recantobrasil.jp\/wp-content\/uploads\/2024\/01\/355857839_126450137138700_8596043570983403791_n.jpg 1920w\" sizes=\"(max-width: 1024px) 100vw, 1024px\" \/>\t\t\t\t\t\t\t\t\t\t\t\t\t<\/div>\n\t\t\t\t<\/div>\n\t\t\t\t\t<\/div>\n\t\t<\/div>\n\t\t\t\t\t<\/div>\n\t\t<\/section>\n\t\t\t\t<section class=\"elementor-section elementor-top-section elementor-element elementor-element-a2141e7 elementor-section-boxed elementor-section-height-default elementor-section-height-default\" data-id=\"a2141e7\" data-element_type=\"section\">\n\t\t\t\t\t\t<div class=\"elementor-container elementor-column-gap-default\">\n\t\t\t\t\t<div class=\"elementor-column elementor-col-100 elementor-top-column elementor-element elementor-element-aa9176e\" data-id=\"aa9176e\" data-element_type=\"column\">\n\t\t\t<div class=\"elementor-widget-wrap elementor-element-populated\">\n\t\t\t\t\t\t<div class=\"elementor-element elementor-element-1b36cf6 elementor-widget elementor-widget-google_maps\" data-id=\"1b36cf6\" data-element_type=\"widget\" data-widget_type=\"google_maps.default\">\n\t\t\t\t<div class=\"elementor-widget-container\">\n\t\t\t<style>\/*! elementor - v3.23.0 - 15-07-2024 *\/\n.elementor-widget-google_maps .elementor-widget-container{overflow:hidden}.elementor-widget-google_maps .elementor-custom-embed{line-height:0}.elementor-widget-google_maps iframe{height:300px}<\/style>\t\t<div class=\"elementor-custom-embed\">\n\t\t\t<iframe loading=\"lazy\"\n\t\t\t\t\tsrc=\"https:\/\/maps.google.com\/maps?q=%E3%80%92370-0517%20%E7%BE%A4%E9%A6%AC%E7%9C%8C%E9%82%91%E6%A5%BD%E9%83%A1%E5%A4%A7%E6%B3%89%E7%94%BA%E8%A5%BF%E5%B0%8F%E6%B3%89%EF%BC%93%E4%B8%81%E7%9B%AE%EF%BC%91%EF%BC%97%E2%88%92%EF%BC%91%EF%BC%93&#038;t=m&#038;z=10&#038;output=embed&#038;iwloc=near\"\n\t\t\t\t\ttitle=\"\u3012370-0517 \u7fa4\u99ac\u770c\u9091\u697d\u90e1\u5927\u6cc9\u753a\u897f\u5c0f\u6cc9\uff13\u4e01\u76ee\uff11\uff17\u2212\uff11\uff13\"\n\t\t\t\t\taria-label=\"\u3012370-0517 \u7fa4\u99ac\u770c\u9091\u697d\u90e1\u5927\u6cc9\u753a\u897f\u5c0f\u6cc9\uff13\u4e01\u76ee\uff11\uff17\u2212\uff11\uff13\"\n\t\t\t><\/iframe>\n\t\t<\/div>\n\t\t\t\t<\/div>\n\t\t\t\t<\/div>\n\t\t\t\t\t<\/div>\n\t\t<\/div>\n\t\t\t\t\t<\/div>\n\t\t<\/section>\n\t\t\t\t<\/div>\n\t\t","protected":false},"excerpt":{"rendered":"<p>Fundado em 18 de agosto de 2023, o Recanto Brasil nasceu com a miss\u00e3o de trazer a culin\u00e1ria e a cultura brasileira para o Jap\u00e3o. Desde a inaugura\u00e7\u00e3o, o restaurante tem se dedicado a oferecer o melhor da culin\u00e1ria brasileira, proporcionando aos seus clientes uma verdadeira experi\u00eancia gastron\u00f4mica. Com pratos tradicionais e salgados de fabrica\u00e7\u00e3o [&hellip;]<\/p>\n","protected":false},"author":1,"featured_media":0,"parent":0,"menu_order":0,"comment_status":"closed","ping_status":"closed","template":"","meta":{"site-sidebar-layout":"no-sidebar","site-content-layout":"page-builder","ast-site-content-layout":"","site-content-style":"default","site-sidebar-style":"default","ast-global-header-display":"","ast-banner-title-visibility":"","ast-main-header-display":"","ast-hfb-above-header-display":"","ast-hfb-below-header-display":"","ast-hfb-mobile-header-display":"","site-post-title":"disabled","ast-breadcrumbs-content":"","ast-featured-img":"disabled","footer-sml-layout":"","theme-transparent-header-meta":"","adv-header-id-meta":"","stick-header-meta":"","header-above-stick-meta":"","header-main-stick-meta":"","header-below-stick-meta":"","astra-migrate-meta-layouts":"default","ast-page-background-enabled":"default","ast-page-background-meta":{"desktop":{"background-color":"var(--ast-global-color-4)","background-image":"","background-repeat":"repeat","background-position":"center center","background-size":"auto","background-attachment":"scroll","background-type":"","background-media":"","overlay-type":"","overlay-color":"","overlay-opacity":"","overlay-gradient":""},"tablet":{"background-color":"","background-image":"","background-repeat":"repeat","background-position":"center center","background-size":"auto","background-attachment":"scroll","background-type":"","background-media":"","overlay-type":"","overlay-color":"","overlay-opacity":"","overlay-gradient":""},"mobile":{"background-color":"","background-image":"","background-repeat":"repeat","background-position":"center center","background-size":"auto","background-attachment":"scroll","background-type":"","background-media":"","overlay-type":"","overlay-color":"","overlay-opacity":"","overlay-gradient":""}},"ast-content-background-meta":{"desktop":{"background-color":"var(--ast-global-color-5)","background-image":"","background-repeat":"repeat","background-position":"center center","background-size":"auto","background-attachment":"scroll","background-type":"","background-media":"","overlay-type":"","overlay-color":"","overlay-opacity":"","overlay-gradient":""},"tablet":{"background-color":"var(--ast-global-color-5)","background-image":"","background-repeat":"repeat","background-position":"center center","background-size":"auto","background-attachment":"scroll","background-type":"","background-media":"","overlay-type":"","overlay-color":"","overlay-opacity":"","overlay-gradient":""},"mobile":{"background-color":"var(--ast-global-color-5)","background-image":"","background-repeat":"repeat","background-position":"center center","background-size":"auto","background-attachment":"scroll","background-type":"","background-media":"","overlay-type":"","overlay-color":"","overlay-opacity":"","overlay-gradient":""}},"footnotes":""},"class_list":["post-97","page","type-page","status-publish","hentry"],"jetpack_sharing_enabled":true,"_links":{"self":[{"href":"https:\/\/recantobrasil.jp\/index.php?rest_route=\/wp\/v2\/pages\/97","targetHints":{"allow":["GET"]}}],"collection":[{"href":"https:\/\/recantobrasil.jp\/index.php?rest_route=\/wp\/v2\/pages"}],"about":[{"href":"https:\/\/recantobrasil.jp\/index.php?rest_route=\/wp\/v2\/types\/page"}],"author":[{"embeddable":true,"href":"https:\/\/recantobrasil.jp\/index.php?rest_route=\/wp\/v2\/users\/1"}],"replies":[{"embeddable":true,"href":"https:\/\/recantobrasil.jp\/index.php?rest_route=%2Fwp%2Fv2%2Fcomments&post=97"}],"version-history":[{"count":73,"href":"https:\/\/recantobrasil.jp\/index.php?rest_route=\/wp\/v2\/pages\/97\/revisions"}],"predecessor-version":[{"id":455,"href":"https:\/\/recantobrasil.jp\/index.php?rest_route=\/wp\/v2\/pages\/97\/revisions\/455"}],"wp:attachment":[{"href":"https:\/\/recantobrasil.jp\/index.php?rest_route=%2Fwp%2Fv2%2Fmedia&parent=97"}],"curies":[{"name":"wp","href":"https:\/\/api.w.org\/{rel}","templated":true}]}}